{"id":25030,"date":"2023-05-15T12:21:48","date_gmt":"2024-11-23T11:29:33","guid":{"rendered":"https:\/\/luxurydev.spletnaprodukcija.si\/Bez kategorije\/paket-z-najinima-zmagovalcema\/"},"modified":"2024-11-23T13:29:33","modified_gmt":"2024-11-23T11:29:33","slug":"paket-z-najinima-zmagovalcema","status":"publish","type":"product","link":"https:\/\/luxurydev.spletnaprodukcija.si\/hr\/paketi-hr\/paket-z-najinima-zmagovalcema\/","title":{"rendered":"Paket z najinima zmagovalcema"},"content":{"rendered":"","protected":false},"excerpt":{"rendered":"<p>PAKET z najinima zmagovalcema. Intimno olje Li Quandisa \u017ee skoraj vsem dobro poznano ter Li Quandisa oljni serum z modrim lotosom, ki kljub temu, da je \u0161e vedno novost navdu\u0161uje nas in na\u0161e stranke s svojo vse uporabnostjo. Va\u0161a ko\u017ea vam bo ve\u010d kot hvale\u017ena.<\/p>\n<p>Li Quandisa intimno olje 30ml + Oljni Serum MODRI LOTUS<\/p>\n","protected":false},"featured_media":16907,"template":"","meta":{"_acf_changed":false,"inline_featured_image":false},"product_brand":[],"product_cat":[66],"product_tag":[],"class_list":{"0":"post-25030","1":"product","2":"type-product","3":"status-publish","4":"has-post-thumbnail","6":"product_cat-paketi-hr","8":"first","9":"instock","10":"sale","11":"taxable","12":"shipping-taxable","13":"purchasable","14":"product-type-simple"},"acf":[],"yoast_head":"<!-- This site is optimized with the Yoast SEO plugin v25.9 - https:\/\/yoast.com\/wordpress\/plugins\/seo\/ -->\n<title>Paket z najinima zmagovalcema - Luxury Intimate<\/title>\n<meta name=\"robots\" content=\"noindex, follow, max-snippet:-1, max-image-preview:large, max-video-preview:-1\" \/>\n<meta property=\"og:locale\" content=\"hr_HR\" \/>\n<meta property=\"og:type\" content=\"article\" \/>\n<meta property=\"og:title\" content=\"Paket z najinima zmagovalcema - Luxury Intimate\" \/>\n<meta property=\"og:description\" content=\"PAKET z najinima zmagovalcema. Intimno olje Li Quandisa \u017ee skoraj vsem dobro poznano ter Li Quandisa oljni serum z modrim lotosom, ki kljub temu, da je \u0161e vedno novost navdu\u0161uje nas in na\u0161e stranke s svojo vse uporabnostjo. Va\u0161a ko\u017ea vam bo ve\u010d kot hvale\u017ena. Li Quandisa intimno olje 30ml + Oljni Serum MODRI LOTUS\" \/>\n<meta property=\"og:url\" content=\"https:\/\/luxurydev.spletnaprodukcija.si\/paketi\/paket-z-najinima-zmagovalcema\/\" \/>\n<meta property=\"og:site_name\" content=\"Luxury Intimate\" \/>\n<meta property=\"og:image\" content=\"https:\/\/luxurydev.spletnaprodukcija.si\/wp-content\/uploads\/2023\/05\/Paket-z-najinima-zmagovalcema.jpg\" \/>\n\t<meta property=\"og:image:width\" content=\"1080\" \/>\n\t<meta property=\"og:image:height\" content=\"1080\" \/>\n\t<meta property=\"og:image:type\" content=\"image\/jpeg\" \/>\n<meta name=\"twitter:card\" content=\"summary_large_image\" \/>\n<script type=\"application\/ld+json\" class=\"yoast-schema-graph\">{\"@context\":\"https:\/\/schema.org\",\"@graph\":[{\"@type\":\"WebPage\",\"@id\":\"https:\/\/luxurydev.spletnaprodukcija.si\/paketi\/paket-z-najinima-zmagovalcema\/\",\"url\":\"https:\/\/luxurydev.spletnaprodukcija.si\/paketi\/paket-z-najinima-zmagovalcema\/\",\"name\":\"Paket z najinima zmagovalcema - Luxury Intimate\",\"isPartOf\":{\"@id\":\"https:\/\/luxurydev.spletnaprodukcija.si\/#website\"},\"primaryImageOfPage\":{\"@id\":\"https:\/\/luxurydev.spletnaprodukcija.si\/paketi\/paket-z-najinima-zmagovalcema\/#primaryimage\"},\"image\":{\"@id\":\"https:\/\/luxurydev.spletnaprodukcija.si\/paketi\/paket-z-najinima-zmagovalcema\/#primaryimage\"},\"thumbnailUrl\":\"https:\/\/luxurydev.spletnaprodukcija.si\/wp-content\/uploads\/2023\/05\/Paket-z-najinima-zmagovalcema.jpg\",\"datePublished\":\"2024-11-23T11:29:33+00:00\",\"breadcrumb\":{\"@id\":\"https:\/\/luxurydev.spletnaprodukcija.si\/paketi\/paket-z-najinima-zmagovalcema\/#breadcrumb\"},\"inLanguage\":\"hr\",\"potentialAction\":[{\"@type\":\"ReadAction\",\"target\":[\"https:\/\/luxurydev.spletnaprodukcija.si\/paketi\/paket-z-najinima-zmagovalcema\/\"]}]},{\"@type\":\"ImageObject\",\"inLanguage\":\"hr\",\"@id\":\"https:\/\/luxurydev.spletnaprodukcija.si\/paketi\/paket-z-najinima-zmagovalcema\/#primaryimage\",\"url\":\"https:\/\/luxurydev.spletnaprodukcija.si\/wp-content\/uploads\/2023\/05\/Paket-z-najinima-zmagovalcema.jpg\",\"contentUrl\":\"https:\/\/luxurydev.spletnaprodukcija.si\/wp-content\/uploads\/2023\/05\/Paket-z-najinima-zmagovalcema.jpg\",\"width\":1080,\"height\":1080},{\"@type\":\"BreadcrumbList\",\"@id\":\"https:\/\/luxurydev.spletnaprodukcija.si\/paketi\/paket-z-najinima-zmagovalcema\/#breadcrumb\",\"itemListElement\":[{\"@type\":\"ListItem\",\"position\":1,\"name\":\"Home\",\"item\":\"https:\/\/luxurydev.spletnaprodukcija.si\/hr\/\"},{\"@type\":\"ListItem\",\"position\":2,\"name\":\"Shop\",\"item\":\"https:\/\/luxurydev.spletnaprodukcija.si\/hr\/shop\/\"},{\"@type\":\"ListItem\",\"position\":3,\"name\":\"Paket z najinima zmagovalcema\"}]},{\"@type\":\"WebSite\",\"@id\":\"https:\/\/luxurydev.spletnaprodukcija.si\/#website\",\"url\":\"https:\/\/luxurydev.spletnaprodukcija.si\/\",\"name\":\"Luxury Intimate\",\"description\":\"Li Quandisa\",\"potentialAction\":[{\"@type\":\"SearchAction\",\"target\":{\"@type\":\"EntryPoint\",\"urlTemplate\":\"https:\/\/luxurydev.spletnaprodukcija.si\/?s={search_term_string}\"},\"query-input\":{\"@type\":\"PropertyValueSpecification\",\"valueRequired\":true,\"valueName\":\"search_term_string\"}}],\"inLanguage\":\"hr\"}]}<\/script>\n<!-- \/ Yoast SEO plugin. -->","yoast_head_json":{"title":"Paket z najinima zmagovalcema - Luxury Intimate","robots":{"index":"noindex","follow":"follow","max-snippet":"max-snippet:-1","max-image-preview":"max-image-preview:large","max-video-preview":"max-video-preview:-1"},"og_locale":"hr_HR","og_type":"article","og_title":"Paket z najinima zmagovalcema - Luxury Intimate","og_description":"PAKET z najinima zmagovalcema. Intimno olje Li Quandisa \u017ee skoraj vsem dobro poznano ter Li Quandisa oljni serum z modrim lotosom, ki kljub temu, da je \u0161e vedno novost navdu\u0161uje nas in na\u0161e stranke s svojo vse uporabnostjo. Va\u0161a ko\u017ea vam bo ve\u010d kot hvale\u017ena. Li Quandisa intimno olje 30ml + Oljni Serum MODRI LOTUS","og_url":"https:\/\/luxurydev.spletnaprodukcija.si\/paketi\/paket-z-najinima-zmagovalcema\/","og_site_name":"Luxury Intimate","og_image":[{"width":1080,"height":1080,"url":"https:\/\/luxurydev.spletnaprodukcija.si\/wp-content\/uploads\/2023\/05\/Paket-z-najinima-zmagovalcema.jpg","type":"image\/jpeg"}],"twitter_card":"summary_large_image","schema":{"@context":"https:\/\/schema.org","@graph":[{"@type":"WebPage","@id":"https:\/\/luxurydev.spletnaprodukcija.si\/paketi\/paket-z-najinima-zmagovalcema\/","url":"https:\/\/luxurydev.spletnaprodukcija.si\/paketi\/paket-z-najinima-zmagovalcema\/","name":"Paket z najinima zmagovalcema - Luxury Intimate","isPartOf":{"@id":"https:\/\/luxurydev.spletnaprodukcija.si\/#website"},"primaryImageOfPage":{"@id":"https:\/\/luxurydev.spletnaprodukcija.si\/paketi\/paket-z-najinima-zmagovalcema\/#primaryimage"},"image":{"@id":"https:\/\/luxurydev.spletnaprodukcija.si\/paketi\/paket-z-najinima-zmagovalcema\/#primaryimage"},"thumbnailUrl":"https:\/\/luxurydev.spletnaprodukcija.si\/wp-content\/uploads\/2023\/05\/Paket-z-najinima-zmagovalcema.jpg","datePublished":"2024-11-23T11:29:33+00:00","breadcrumb":{"@id":"https:\/\/luxurydev.spletnaprodukcija.si\/paketi\/paket-z-najinima-zmagovalcema\/#breadcrumb"},"inLanguage":"hr","potentialAction":[{"@type":"ReadAction","target":["https:\/\/luxurydev.spletnaprodukcija.si\/paketi\/paket-z-najinima-zmagovalcema\/"]}]},{"@type":"ImageObject","inLanguage":"hr","@id":"https:\/\/luxurydev.spletnaprodukcija.si\/paketi\/paket-z-najinima-zmagovalcema\/#primaryimage","url":"https:\/\/luxurydev.spletnaprodukcija.si\/wp-content\/uploads\/2023\/05\/Paket-z-najinima-zmagovalcema.jpg","contentUrl":"https:\/\/luxurydev.spletnaprodukcija.si\/wp-content\/uploads\/2023\/05\/Paket-z-najinima-zmagovalcema.jpg","width":1080,"height":1080},{"@type":"BreadcrumbList","@id":"https:\/\/luxurydev.spletnaprodukcija.si\/paketi\/paket-z-najinima-zmagovalcema\/#breadcrumb","itemListElement":[{"@type":"ListItem","position":1,"name":"Home","item":"https:\/\/luxurydev.spletnaprodukcija.si\/hr\/"},{"@type":"ListItem","position":2,"name":"Shop","item":"https:\/\/luxurydev.spletnaprodukcija.si\/hr\/shop\/"},{"@type":"ListItem","position":3,"name":"Paket z najinima zmagovalcema"}]},{"@type":"WebSite","@id":"https:\/\/luxurydev.spletnaprodukcija.si\/#website","url":"https:\/\/luxurydev.spletnaprodukcija.si\/","name":"Luxury Intimate","description":"Li Quandisa","potentialAction":[{"@type":"SearchAction","target":{"@type":"EntryPoint","urlTemplate":"https:\/\/luxurydev.spletnaprodukcija.si\/?s={search_term_string}"},"query-input":{"@type":"PropertyValueSpecification","valueRequired":true,"valueName":"search_term_string"}}],"inLanguage":"hr"}]}},"_links":{"self":[{"href":"https:\/\/luxurydev.spletnaprodukcija.si\/hr\/wp-json\/wp\/v2\/product\/25030","targetHints":{"allow":["GET"]}}],"collection":[{"href":"https:\/\/luxurydev.spletnaprodukcija.si\/hr\/wp-json\/wp\/v2\/product"}],"about":[{"href":"https:\/\/luxurydev.spletnaprodukcija.si\/hr\/wp-json\/wp\/v2\/types\/product"}],"wp:featuredmedia":[{"embeddable":true,"href":"https:\/\/luxurydev.spletnaprodukcija.si\/hr\/wp-json\/wp\/v2\/media\/16907"}],"wp:attachment":[{"href":"https:\/\/luxurydev.spletnaprodukcija.si\/hr\/wp-json\/wp\/v2\/media?parent=25030"}],"wp:term":[{"taxonomy":"product_brand","embeddable":true,"href":"https:\/\/luxurydev.spletnaprodukcija.si\/hr\/wp-json\/wp\/v2\/product_brand?post=25030"},{"taxonomy":"product_cat","embeddable":true,"href":"https:\/\/luxurydev.spletnaprodukcija.si\/hr\/wp-json\/wp\/v2\/product_cat?post=25030"},{"taxonomy":"product_tag","embeddable":true,"href":"https:\/\/luxurydev.spletnaprodukcija.si\/hr\/wp-json\/wp\/v2\/product_tag?post=25030"}],"curies":[{"name":"wp","href":"https:\/\/api.w.org\/{rel}","templated":true}]}}