{"id":25029,"date":"2023-05-15T12:20:16","date_gmt":"2024-11-23T11:28:55","guid":{"rendered":"https:\/\/luxurydev.spletnaprodukcija.si\/Bez kategorije\/paket-zanjo-in-zanj\/"},"modified":"2024-11-23T13:28:55","modified_gmt":"2024-11-23T11:28:55","slug":"paket-zanjo-in-zanj","status":"publish","type":"product","link":"https:\/\/luxurydev.spletnaprodukcija.si\/hr\/paketi-hr\/paket-zanjo-in-zanj\/","title":{"rendered":"Paket zanjo in zanj"},"content":{"rendered":"","protected":false},"excerpt":{"rendered":"<p>PAKET zanjo in zanj. Nekako je bolj raz\u0161irjeno dejstvo, da je intimna nega za \u017eenske dosti bolj nujna \u017ee samo zaradi same anatomije vendar vas bi presenetilo koliko mo\u0161kih si ravno tako prizadeva, da bi za svoje partnerke ostali negovani tudi na tem predelu intime.<\/p>\n<p>Li Quandisa intimno olje 30ml + Li Quandisa intimno olje HIS&amp;HERS<\/p>\n","protected":false},"featured_media":16898,"template":"","meta":{"_acf_changed":false,"inline_featured_image":false},"product_brand":[],"product_cat":[66],"product_tag":[],"class_list":{"0":"post-25029","1":"product","2":"type-product","3":"status-publish","4":"has-post-thumbnail","6":"product_cat-paketi-hr","8":"first","9":"instock","10":"sale","11":"taxable","12":"shipping-taxable","13":"purchasable","14":"product-type-simple"},"acf":[],"yoast_head":"<!-- This site is optimized with the Yoast SEO plugin v25.9 - https:\/\/yoast.com\/wordpress\/plugins\/seo\/ -->\n<title>Paket zanjo in zanj - Luxury Intimate<\/title>\n<meta name=\"robots\" content=\"noindex, follow, max-snippet:-1, max-image-preview:large, max-video-preview:-1\" \/>\n<meta property=\"og:locale\" content=\"hr_HR\" \/>\n<meta property=\"og:type\" content=\"article\" \/>\n<meta property=\"og:title\" content=\"Paket zanjo in zanj - Luxury Intimate\" \/>\n<meta property=\"og:description\" content=\"PAKET zanjo in zanj. Nekako je bolj raz\u0161irjeno dejstvo, da je intimna nega za \u017eenske dosti bolj nujna \u017ee samo zaradi same anatomije vendar vas bi presenetilo koliko mo\u0161kih si ravno tako prizadeva, da bi za svoje partnerke ostali negovani tudi na tem predelu intime. Li Quandisa intimno olje 30ml + Li Quandisa intimno olje HIS&amp;HERS\" \/>\n<meta property=\"og:url\" content=\"https:\/\/luxurydev.spletnaprodukcija.si\/paketi\/paket-zanjo-in-zanj\/\" \/>\n<meta property=\"og:site_name\" content=\"Luxury Intimate\" \/>\n<meta property=\"og:image\" content=\"https:\/\/luxurydev.spletnaprodukcija.si\/wp-content\/uploads\/2023\/05\/Paket-zanjo-in-zanj.jpg\" \/>\n\t<meta property=\"og:image:width\" content=\"1080\" \/>\n\t<meta property=\"og:image:height\" content=\"1080\" \/>\n\t<meta property=\"og:image:type\" content=\"image\/jpeg\" \/>\n<meta name=\"twitter:card\" content=\"summary_large_image\" \/>\n<script type=\"application\/ld+json\" class=\"yoast-schema-graph\">{\"@context\":\"https:\/\/schema.org\",\"@graph\":[{\"@type\":\"WebPage\",\"@id\":\"https:\/\/luxurydev.spletnaprodukcija.si\/paketi\/paket-zanjo-in-zanj\/\",\"url\":\"https:\/\/luxurydev.spletnaprodukcija.si\/paketi\/paket-zanjo-in-zanj\/\",\"name\":\"Paket zanjo in zanj - Luxury Intimate\",\"isPartOf\":{\"@id\":\"https:\/\/luxurydev.spletnaprodukcija.si\/#website\"},\"primaryImageOfPage\":{\"@id\":\"https:\/\/luxurydev.spletnaprodukcija.si\/paketi\/paket-zanjo-in-zanj\/#primaryimage\"},\"image\":{\"@id\":\"https:\/\/luxurydev.spletnaprodukcija.si\/paketi\/paket-zanjo-in-zanj\/#primaryimage\"},\"thumbnailUrl\":\"https:\/\/luxurydev.spletnaprodukcija.si\/wp-content\/uploads\/2023\/05\/Paket-zanjo-in-zanj.jpg\",\"datePublished\":\"2024-11-23T11:28:55+00:00\",\"breadcrumb\":{\"@id\":\"https:\/\/luxurydev.spletnaprodukcija.si\/paketi\/paket-zanjo-in-zanj\/#breadcrumb\"},\"inLanguage\":\"hr\",\"potentialAction\":[{\"@type\":\"ReadAction\",\"target\":[\"https:\/\/luxurydev.spletnaprodukcija.si\/paketi\/paket-zanjo-in-zanj\/\"]}]},{\"@type\":\"ImageObject\",\"inLanguage\":\"hr\",\"@id\":\"https:\/\/luxurydev.spletnaprodukcija.si\/paketi\/paket-zanjo-in-zanj\/#primaryimage\",\"url\":\"https:\/\/luxurydev.spletnaprodukcija.si\/wp-content\/uploads\/2023\/05\/Paket-zanjo-in-zanj.jpg\",\"contentUrl\":\"https:\/\/luxurydev.spletnaprodukcija.si\/wp-content\/uploads\/2023\/05\/Paket-zanjo-in-zanj.jpg\",\"width\":1080,\"height\":1080},{\"@type\":\"BreadcrumbList\",\"@id\":\"https:\/\/luxurydev.spletnaprodukcija.si\/paketi\/paket-zanjo-in-zanj\/#breadcrumb\",\"itemListElement\":[{\"@type\":\"ListItem\",\"position\":1,\"name\":\"Home\",\"item\":\"https:\/\/luxurydev.spletnaprodukcija.si\/hr\/\"},{\"@type\":\"ListItem\",\"position\":2,\"name\":\"Shop\",\"item\":\"https:\/\/luxurydev.spletnaprodukcija.si\/hr\/shop\/\"},{\"@type\":\"ListItem\",\"position\":3,\"name\":\"Paket zanjo in zanj\"}]},{\"@type\":\"WebSite\",\"@id\":\"https:\/\/luxurydev.spletnaprodukcija.si\/#website\",\"url\":\"https:\/\/luxurydev.spletnaprodukcija.si\/\",\"name\":\"Luxury Intimate\",\"description\":\"Li Quandisa\",\"potentialAction\":[{\"@type\":\"SearchAction\",\"target\":{\"@type\":\"EntryPoint\",\"urlTemplate\":\"https:\/\/luxurydev.spletnaprodukcija.si\/?s={search_term_string}\"},\"query-input\":{\"@type\":\"PropertyValueSpecification\",\"valueRequired\":true,\"valueName\":\"search_term_string\"}}],\"inLanguage\":\"hr\"}]}<\/script>\n<!-- \/ Yoast SEO plugin. -->","yoast_head_json":{"title":"Paket zanjo in zanj - Luxury Intimate","robots":{"index":"noindex","follow":"follow","max-snippet":"max-snippet:-1","max-image-preview":"max-image-preview:large","max-video-preview":"max-video-preview:-1"},"og_locale":"hr_HR","og_type":"article","og_title":"Paket zanjo in zanj - Luxury Intimate","og_description":"PAKET zanjo in zanj. Nekako je bolj raz\u0161irjeno dejstvo, da je intimna nega za \u017eenske dosti bolj nujna \u017ee samo zaradi same anatomije vendar vas bi presenetilo koliko mo\u0161kih si ravno tako prizadeva, da bi za svoje partnerke ostali negovani tudi na tem predelu intime. Li Quandisa intimno olje 30ml + Li Quandisa intimno olje HIS&amp;HERS","og_url":"https:\/\/luxurydev.spletnaprodukcija.si\/paketi\/paket-zanjo-in-zanj\/","og_site_name":"Luxury Intimate","og_image":[{"width":1080,"height":1080,"url":"https:\/\/luxurydev.spletnaprodukcija.si\/wp-content\/uploads\/2023\/05\/Paket-zanjo-in-zanj.jpg","type":"image\/jpeg"}],"twitter_card":"summary_large_image","schema":{"@context":"https:\/\/schema.org","@graph":[{"@type":"WebPage","@id":"https:\/\/luxurydev.spletnaprodukcija.si\/paketi\/paket-zanjo-in-zanj\/","url":"https:\/\/luxurydev.spletnaprodukcija.si\/paketi\/paket-zanjo-in-zanj\/","name":"Paket zanjo in zanj - Luxury Intimate","isPartOf":{"@id":"https:\/\/luxurydev.spletnaprodukcija.si\/#website"},"primaryImageOfPage":{"@id":"https:\/\/luxurydev.spletnaprodukcija.si\/paketi\/paket-zanjo-in-zanj\/#primaryimage"},"image":{"@id":"https:\/\/luxurydev.spletnaprodukcija.si\/paketi\/paket-zanjo-in-zanj\/#primaryimage"},"thumbnailUrl":"https:\/\/luxurydev.spletnaprodukcija.si\/wp-content\/uploads\/2023\/05\/Paket-zanjo-in-zanj.jpg","datePublished":"2024-11-23T11:28:55+00:00","breadcrumb":{"@id":"https:\/\/luxurydev.spletnaprodukcija.si\/paketi\/paket-zanjo-in-zanj\/#breadcrumb"},"inLanguage":"hr","potentialAction":[{"@type":"ReadAction","target":["https:\/\/luxurydev.spletnaprodukcija.si\/paketi\/paket-zanjo-in-zanj\/"]}]},{"@type":"ImageObject","inLanguage":"hr","@id":"https:\/\/luxurydev.spletnaprodukcija.si\/paketi\/paket-zanjo-in-zanj\/#primaryimage","url":"https:\/\/luxurydev.spletnaprodukcija.si\/wp-content\/uploads\/2023\/05\/Paket-zanjo-in-zanj.jpg","contentUrl":"https:\/\/luxurydev.spletnaprodukcija.si\/wp-content\/uploads\/2023\/05\/Paket-zanjo-in-zanj.jpg","width":1080,"height":1080},{"@type":"BreadcrumbList","@id":"https:\/\/luxurydev.spletnaprodukcija.si\/paketi\/paket-zanjo-in-zanj\/#breadcrumb","itemListElement":[{"@type":"ListItem","position":1,"name":"Home","item":"https:\/\/luxurydev.spletnaprodukcija.si\/hr\/"},{"@type":"ListItem","position":2,"name":"Shop","item":"https:\/\/luxurydev.spletnaprodukcija.si\/hr\/shop\/"},{"@type":"ListItem","position":3,"name":"Paket zanjo in zanj"}]},{"@type":"WebSite","@id":"https:\/\/luxurydev.spletnaprodukcija.si\/#website","url":"https:\/\/luxurydev.spletnaprodukcija.si\/","name":"Luxury Intimate","description":"Li Quandisa","potentialAction":[{"@type":"SearchAction","target":{"@type":"EntryPoint","urlTemplate":"https:\/\/luxurydev.spletnaprodukcija.si\/?s={search_term_string}"},"query-input":{"@type":"PropertyValueSpecification","valueRequired":true,"valueName":"search_term_string"}}],"inLanguage":"hr"}]}},"_links":{"self":[{"href":"https:\/\/luxurydev.spletnaprodukcija.si\/hr\/wp-json\/wp\/v2\/product\/25029","targetHints":{"allow":["GET"]}}],"collection":[{"href":"https:\/\/luxurydev.spletnaprodukcija.si\/hr\/wp-json\/wp\/v2\/product"}],"about":[{"href":"https:\/\/luxurydev.spletnaprodukcija.si\/hr\/wp-json\/wp\/v2\/types\/product"}],"wp:featuredmedia":[{"embeddable":true,"href":"https:\/\/luxurydev.spletnaprodukcija.si\/hr\/wp-json\/wp\/v2\/media\/16898"}],"wp:attachment":[{"href":"https:\/\/luxurydev.spletnaprodukcija.si\/hr\/wp-json\/wp\/v2\/media?parent=25029"}],"wp:term":[{"taxonomy":"product_brand","embeddable":true,"href":"https:\/\/luxurydev.spletnaprodukcija.si\/hr\/wp-json\/wp\/v2\/product_brand?post=25029"},{"taxonomy":"product_cat","embeddable":true,"href":"https:\/\/luxurydev.spletnaprodukcija.si\/hr\/wp-json\/wp\/v2\/product_cat?post=25029"},{"taxonomy":"product_tag","embeddable":true,"href":"https:\/\/luxurydev.spletnaprodukcija.si\/hr\/wp-json\/wp\/v2\/product_tag?post=25029"}],"curies":[{"name":"wp","href":"https:\/\/api.w.org\/{rel}","templated":true}]}}