{"id":25010,"date":"2022-06-09T10:00:29","date_gmt":"2022-06-09T08:00:29","guid":{"rendered":"https:\/\/luxurydev.spletnaprodukcija.si\/Bez kategorije\/chartres-diseca-sveca-velika\/"},"modified":"2024-11-23T13:11:45","modified_gmt":"2024-11-23T11:11:45","slug":"chartres-diseca-sveca-velika","status":"publish","type":"product","link":"https:\/\/luxurydev.spletnaprodukcija.si\/hr\/intimnost-doma-hr\/chartres-diseca-sveca-velika\/","title":{"rendered":"CHARTRES di\u0161e\u010da sve\u010da velika"},"content":{"rendered":"","protected":false},"excerpt":{"rendered":"<p>Odpotujte v Francijo in se sprehodite po mogo\u010dni gotski katedrali. Ob\u010dutite njeno veli\u010dastnost in skrivnostnost, ujeto pod skeletnimi oboki, ki se vzpenjajo proti nebu. Tam zgoraj svetloba razposajeno pronica skozi barvna okna, se zliva v njeno notranjost in ne\u017eno le\u017ee na kamnita tla. Barvna okna \u2013 rozete \u2013 so dobile ime po svoji obliki \u2013 cvetu vrtnice in prav v vrtnici smo na\u0161li navdih za na\u0161o sve\u010do. Sve\u017ee cvetli\u010dne note vrtnice, jasmina in tuberoze, ki se zlivajo v kombinacijo sladkih, toplih lesnih arom bodo v va\u0161 dom prinesle sve\u017eino in prijetno vzdu\u0161je.    <\/p>\n<ul>\n<li>Zgornje note: Ylang-Ylang, Zelene note<\/li>\n<li>Srednje note: Vrtnica, Jasmin, Tuberoza<\/li>\n<li>Spodnje note: Vanilija, Kokos<\/li>\n<\/ul>\n<p>Ro\u010dno narejene v Sloveniji, iz naravnega sojinega voska, bomba\u017enih stenjev in izbranih di\u0161av iz Francije. Vsebujejo me\u0161anico mletih kristalov, ki blagodejno vplivajo na na\u0161e po\u010dutje in \u010distijo prostor. <\/p>\n<ul>\n<li>Te\u017ea: 250g<\/li>\n<li>Premer: 7,8 cm<\/li>\n<li>Vi\u0161ina: 10 cm<\/li>\n<li>\u010cas gorenja: 50 ur<\/li>\n<li>Primerna za ve\u010dje prostore (15-30m2)<\/li>\n<li>Pakirana v elegantno embala\u017eo<\/li>\n<\/ul>\n","protected":false},"featured_media":21802,"template":"","meta":{"_acf_changed":false,"inline_featured_image":false},"product_brand":[],"product_cat":[72],"product_tag":[],"class_list":{"0":"post-25010","1":"product","2":"type-product","3":"status-publish","4":"has-post-thumbnail","6":"product_cat-intimnost-doma-hr","8":"first","9":"instock","10":"taxable","11":"shipping-taxable","12":"purchasable","13":"product-type-simple"},"acf":[],"yoast_head":"<!-- This site is optimized with the Yoast SEO plugin v25.9 - https:\/\/yoast.com\/wordpress\/plugins\/seo\/ -->\n<title>CHARTRES di\u0161e\u010da sve\u010da velika - Luxury Intimate<\/title>\n<meta name=\"robots\" content=\"noindex, follow, max-snippet:-1, max-image-preview:large, max-video-preview:-1\" \/>\n<meta property=\"og:locale\" content=\"hr_HR\" \/>\n<meta property=\"og:type\" content=\"article\" \/>\n<meta property=\"og:title\" content=\"CHARTRES di\u0161e\u010da sve\u010da velika - Luxury Intimate\" \/>\n<meta property=\"og:description\" content=\"Odpotujte v Francijo in se sprehodite po mogo\u010dni gotski katedrali. Ob\u010dutite njeno veli\u010dastnost in skrivnostnost, ujeto pod skeletnimi oboki, ki se vzpenjajo proti nebu. Tam zgoraj svetloba razposajeno pronica skozi barvna okna, se zliva v njeno notranjost in ne\u017eno le\u017ee na kamnita tla. Barvna okna \u2013 rozete \u2013 so dobile ime po svoji obliki \u2013 cvetu vrtnice in prav v vrtnici smo na\u0161li navdih za na\u0161o sve\u010do. Sve\u017ee cvetli\u010dne note vrtnice, jasmina in tuberoze, ki se zlivajo v kombinacijo sladkih, toplih lesnih arom bodo v va\u0161 dom prinesle sve\u017eino in prijetno vzdu\u0161je.    Zgornje note: Ylang-Ylang, Zelene note  Srednje note: Vrtnica, Jasmin, Tuberoza  Spodnje note: Vanilija, Kokos Ro\u010dno narejene v Sloveniji, iz naravnega sojinega voska, bomba\u017enih stenjev in izbranih di\u0161av iz Francije. Vsebujejo me\u0161anico mletih kristalov, ki blagodejno vplivajo na na\u0161e po\u010dutje in \u010distijo prostor.   Te\u017ea: 250g  Premer: 7,8 cm  Vi\u0161ina: 10 cm  \u010cas gorenja: 50 ur  Primerna za ve\u010dje prostore (15-30m2)  Pakirana v elegantno embala\u017eo\" \/>\n<meta property=\"og:url\" content=\"https:\/\/luxurydev.spletnaprodukcija.si\/intimnost-doma\/chartres\/\" \/>\n<meta property=\"og:site_name\" content=\"Luxury Intimate\" \/>\n<meta property=\"article:modified_time\" content=\"2024-11-23T11:11:45+00:00\" \/>\n<meta property=\"og:image\" content=\"https:\/\/luxurydev.spletnaprodukcija.si\/wp-content\/uploads\/2024\/04\/Mock-up-Chartres-skatla-sveca-e1633006199104.png\" \/>\n\t<meta property=\"og:image:width\" content=\"1800\" \/>\n\t<meta property=\"og:image:height\" content=\"1273\" \/>\n\t<meta property=\"og:image:type\" content=\"image\/png\" \/>\n<meta name=\"twitter:card\" content=\"summary_large_image\" \/>\n<script type=\"application\/ld+json\" class=\"yoast-schema-graph\">{\"@context\":\"https:\/\/schema.org\",\"@graph\":[{\"@type\":\"WebPage\",\"@id\":\"https:\/\/luxurydev.spletnaprodukcija.si\/intimnost-doma\/chartres\/\",\"url\":\"https:\/\/luxurydev.spletnaprodukcija.si\/intimnost-doma\/chartres\/\",\"name\":\"CHARTRES di\u0161e\u010da sve\u010da velika - Luxury Intimate\",\"isPartOf\":{\"@id\":\"https:\/\/luxurydev.spletnaprodukcija.si\/#website\"},\"primaryImageOfPage\":{\"@id\":\"https:\/\/luxurydev.spletnaprodukcija.si\/intimnost-doma\/chartres\/#primaryimage\"},\"image\":{\"@id\":\"https:\/\/luxurydev.spletnaprodukcija.si\/intimnost-doma\/chartres\/#primaryimage\"},\"thumbnailUrl\":\"https:\/\/luxurydev.spletnaprodukcija.si\/wp-content\/uploads\/2024\/04\/Mock-up-Chartres-skatla-sveca-e1633006199104.png\",\"datePublished\":\"2022-06-09T08:00:29+00:00\",\"dateModified\":\"2024-11-23T11:11:45+00:00\",\"breadcrumb\":{\"@id\":\"https:\/\/luxurydev.spletnaprodukcija.si\/intimnost-doma\/chartres\/#breadcrumb\"},\"inLanguage\":\"hr\",\"potentialAction\":[{\"@type\":\"ReadAction\",\"target\":[\"https:\/\/luxurydev.spletnaprodukcija.si\/intimnost-doma\/chartres\/\"]}]},{\"@type\":\"ImageObject\",\"inLanguage\":\"hr\",\"@id\":\"https:\/\/luxurydev.spletnaprodukcija.si\/intimnost-doma\/chartres\/#primaryimage\",\"url\":\"https:\/\/luxurydev.spletnaprodukcija.si\/wp-content\/uploads\/2024\/04\/Mock-up-Chartres-skatla-sveca-e1633006199104.png\",\"contentUrl\":\"https:\/\/luxurydev.spletnaprodukcija.si\/wp-content\/uploads\/2024\/04\/Mock-up-Chartres-skatla-sveca-e1633006199104.png\",\"width\":1800,\"height\":1273},{\"@type\":\"BreadcrumbList\",\"@id\":\"https:\/\/luxurydev.spletnaprodukcija.si\/intimnost-doma\/chartres\/#breadcrumb\",\"itemListElement\":[{\"@type\":\"ListItem\",\"position\":1,\"name\":\"Home\",\"item\":\"https:\/\/luxurydev.spletnaprodukcija.si\/hr\/\"},{\"@type\":\"ListItem\",\"position\":2,\"name\":\"Shop\",\"item\":\"https:\/\/luxurydev.spletnaprodukcija.si\/hr\/shop\/\"},{\"@type\":\"ListItem\",\"position\":3,\"name\":\"CHARTRES di\u0161e\u010da sve\u010da velika\"}]},{\"@type\":\"WebSite\",\"@id\":\"https:\/\/luxurydev.spletnaprodukcija.si\/#website\",\"url\":\"https:\/\/luxurydev.spletnaprodukcija.si\/\",\"name\":\"Luxury Intimate\",\"description\":\"Li Quandisa\",\"potentialAction\":[{\"@type\":\"SearchAction\",\"target\":{\"@type\":\"EntryPoint\",\"urlTemplate\":\"https:\/\/luxurydev.spletnaprodukcija.si\/?s={search_term_string}\"},\"query-input\":{\"@type\":\"PropertyValueSpecification\",\"valueRequired\":true,\"valueName\":\"search_term_string\"}}],\"inLanguage\":\"hr\"}]}<\/script>\n<!-- \/ Yoast SEO plugin. -->","yoast_head_json":{"title":"CHARTRES di\u0161e\u010da sve\u010da velika - Luxury Intimate","robots":{"index":"noindex","follow":"follow","max-snippet":"max-snippet:-1","max-image-preview":"max-image-preview:large","max-video-preview":"max-video-preview:-1"},"og_locale":"hr_HR","og_type":"article","og_title":"CHARTRES di\u0161e\u010da sve\u010da velika - Luxury Intimate","og_description":"Odpotujte v Francijo in se sprehodite po mogo\u010dni gotski katedrali. Ob\u010dutite njeno veli\u010dastnost in skrivnostnost, ujeto pod skeletnimi oboki, ki se vzpenjajo proti nebu. Tam zgoraj svetloba razposajeno pronica skozi barvna okna, se zliva v njeno notranjost in ne\u017eno le\u017ee na kamnita tla. Barvna okna \u2013 rozete \u2013 so dobile ime po svoji obliki \u2013 cvetu vrtnice in prav v vrtnici smo na\u0161li navdih za na\u0161o sve\u010do. Sve\u017ee cvetli\u010dne note vrtnice, jasmina in tuberoze, ki se zlivajo v kombinacijo sladkih, toplih lesnih arom bodo v va\u0161 dom prinesle sve\u017eino in prijetno vzdu\u0161je.    Zgornje note: Ylang-Ylang, Zelene note  Srednje note: Vrtnica, Jasmin, Tuberoza  Spodnje note: Vanilija, Kokos Ro\u010dno narejene v Sloveniji, iz naravnega sojinega voska, bomba\u017enih stenjev in izbranih di\u0161av iz Francije. Vsebujejo me\u0161anico mletih kristalov, ki blagodejno vplivajo na na\u0161e po\u010dutje in \u010distijo prostor.   Te\u017ea: 250g  Premer: 7,8 cm  Vi\u0161ina: 10 cm  \u010cas gorenja: 50 ur  Primerna za ve\u010dje prostore (15-30m2)  Pakirana v elegantno embala\u017eo","og_url":"https:\/\/luxurydev.spletnaprodukcija.si\/intimnost-doma\/chartres\/","og_site_name":"Luxury Intimate","article_modified_time":"2024-11-23T11:11:45+00:00","og_image":[{"width":1800,"height":1273,"url":"https:\/\/luxurydev.spletnaprodukcija.si\/wp-content\/uploads\/2024\/04\/Mock-up-Chartres-skatla-sveca-e1633006199104.png","type":"image\/png"}],"twitter_card":"summary_large_image","schema":{"@context":"https:\/\/schema.org","@graph":[{"@type":"WebPage","@id":"https:\/\/luxurydev.spletnaprodukcija.si\/intimnost-doma\/chartres\/","url":"https:\/\/luxurydev.spletnaprodukcija.si\/intimnost-doma\/chartres\/","name":"CHARTRES di\u0161e\u010da sve\u010da velika - Luxury Intimate","isPartOf":{"@id":"https:\/\/luxurydev.spletnaprodukcija.si\/#website"},"primaryImageOfPage":{"@id":"https:\/\/luxurydev.spletnaprodukcija.si\/intimnost-doma\/chartres\/#primaryimage"},"image":{"@id":"https:\/\/luxurydev.spletnaprodukcija.si\/intimnost-doma\/chartres\/#primaryimage"},"thumbnailUrl":"https:\/\/luxurydev.spletnaprodukcija.si\/wp-content\/uploads\/2024\/04\/Mock-up-Chartres-skatla-sveca-e1633006199104.png","datePublished":"2022-06-09T08:00:29+00:00","dateModified":"2024-11-23T11:11:45+00:00","breadcrumb":{"@id":"https:\/\/luxurydev.spletnaprodukcija.si\/intimnost-doma\/chartres\/#breadcrumb"},"inLanguage":"hr","potentialAction":[{"@type":"ReadAction","target":["https:\/\/luxurydev.spletnaprodukcija.si\/intimnost-doma\/chartres\/"]}]},{"@type":"ImageObject","inLanguage":"hr","@id":"https:\/\/luxurydev.spletnaprodukcija.si\/intimnost-doma\/chartres\/#primaryimage","url":"https:\/\/luxurydev.spletnaprodukcija.si\/wp-content\/uploads\/2024\/04\/Mock-up-Chartres-skatla-sveca-e1633006199104.png","contentUrl":"https:\/\/luxurydev.spletnaprodukcija.si\/wp-content\/uploads\/2024\/04\/Mock-up-Chartres-skatla-sveca-e1633006199104.png","width":1800,"height":1273},{"@type":"BreadcrumbList","@id":"https:\/\/luxurydev.spletnaprodukcija.si\/intimnost-doma\/chartres\/#breadcrumb","itemListElement":[{"@type":"ListItem","position":1,"name":"Home","item":"https:\/\/luxurydev.spletnaprodukcija.si\/hr\/"},{"@type":"ListItem","position":2,"name":"Shop","item":"https:\/\/luxurydev.spletnaprodukcija.si\/hr\/shop\/"},{"@type":"ListItem","position":3,"name":"CHARTRES di\u0161e\u010da sve\u010da velika"}]},{"@type":"WebSite","@id":"https:\/\/luxurydev.spletnaprodukcija.si\/#website","url":"https:\/\/luxurydev.spletnaprodukcija.si\/","name":"Luxury Intimate","description":"Li Quandisa","potentialAction":[{"@type":"SearchAction","target":{"@type":"EntryPoint","urlTemplate":"https:\/\/luxurydev.spletnaprodukcija.si\/?s={search_term_string}"},"query-input":{"@type":"PropertyValueSpecification","valueRequired":true,"valueName":"search_term_string"}}],"inLanguage":"hr"}]}},"_links":{"self":[{"href":"https:\/\/luxurydev.spletnaprodukcija.si\/hr\/wp-json\/wp\/v2\/product\/25010","targetHints":{"allow":["GET"]}}],"collection":[{"href":"https:\/\/luxurydev.spletnaprodukcija.si\/hr\/wp-json\/wp\/v2\/product"}],"about":[{"href":"https:\/\/luxurydev.spletnaprodukcija.si\/hr\/wp-json\/wp\/v2\/types\/product"}],"wp:featuredmedia":[{"embeddable":true,"href":"https:\/\/luxurydev.spletnaprodukcija.si\/hr\/wp-json\/wp\/v2\/media\/21802"}],"wp:attachment":[{"href":"https:\/\/luxurydev.spletnaprodukcija.si\/hr\/wp-json\/wp\/v2\/media?parent=25010"}],"wp:term":[{"taxonomy":"product_brand","embeddable":true,"href":"https:\/\/luxurydev.spletnaprodukcija.si\/hr\/wp-json\/wp\/v2\/product_brand?post=25010"},{"taxonomy":"product_cat","embeddable":true,"href":"https:\/\/luxurydev.spletnaprodukcija.si\/hr\/wp-json\/wp\/v2\/product_cat?post=25010"},{"taxonomy":"product_tag","embeddable":true,"href":"https:\/\/luxurydev.spletnaprodukcija.si\/hr\/wp-json\/wp\/v2\/product_tag?post=25010"}],"curies":[{"name":"wp","href":"https:\/\/api.w.org\/{rel}","templated":true}]}}