{"id":13886,"date":"2022-07-01T09:00:45","date_gmt":"2022-11-01T10:37:08","guid":{"rendered":"https:\/\/luxurydev.spletnaprodukcija.si\/nekategorizirano\/li-quandisa-darilna-vrecka-2\/"},"modified":"2022-11-11T12:22:44","modified_gmt":"2022-11-11T10:22:44","slug":"li-quandisa-poklon-vrecica","status":"publish","type":"product","link":"https:\/\/luxurydev.spletnaprodukcija.si\/hr\/poklon-vrecica\/li-quandisa-poklon-vrecica\/","title":{"rendered":"li Quandisa poklon vre\u0107ica"},"content":{"rendered":"<p>Privla\u010dna vre\u010dka, primerna ob obdaritvi, zase ali za druge.<\/p>\n","protected":false},"excerpt":{"rendered":"<p>Atraktivna vre\u0107ica, prikladna kao poklon, sebi ili drugima.<\/p>\n","protected":false},"featured_media":13702,"template":"","meta":{"_acf_changed":false,"inline_featured_image":false},"product_brand":[],"product_cat":[61],"product_tag":[],"class_list":{"0":"post-13886","1":"product","2":"type-product","3":"status-publish","4":"has-post-thumbnail","6":"product_cat-poklon-vrecica","8":"first","9":"instock","10":"taxable","11":"shipping-taxable","12":"purchasable","13":"product-type-simple"},"acf":[],"yoast_head":"<!-- This site is optimized with the Yoast SEO plugin v25.9 - https:\/\/yoast.com\/wordpress\/plugins\/seo\/ -->\n<title>li Quandisa poklon vre\u0107ica - Luxury Intimate<\/title>\n<meta name=\"robots\" content=\"noindex, follow, max-snippet:-1, max-image-preview:large, max-video-preview:-1\" \/>\n<meta property=\"og:locale\" content=\"hr_HR\" \/>\n<meta property=\"og:type\" content=\"article\" \/>\n<meta property=\"og:title\" content=\"li Quandisa poklon vre\u0107ica - Luxury Intimate\" \/>\n<meta property=\"og:description\" content=\"Atraktivna vre\u0107ica, prikladna kao poklon, sebi ili drugima.\" \/>\n<meta property=\"og:url\" content=\"https:\/\/luxurydev.spletnaprodukcija.si\/darilna-vrecka\/li-quandisa-darilna-vrecka\/\" \/>\n<meta property=\"og:site_name\" content=\"Luxury Intimate\" \/>\n<meta property=\"article:modified_time\" content=\"2022-11-11T10:22:44+00:00\" \/>\n<meta property=\"og:image\" content=\"https:\/\/luxurydev.spletnaprodukcija.si\/wp-content\/uploads\/2022\/06\/DSC9818-copy-1-copy-1-scaled-1.jpg\" \/>\n\t<meta property=\"og:image:width\" content=\"2560\" \/>\n\t<meta property=\"og:image:height\" content=\"2560\" \/>\n\t<meta property=\"og:image:type\" content=\"image\/jpeg\" \/>\n<meta name=\"twitter:card\" content=\"summary_large_image\" \/>\n<script type=\"application\/ld+json\" class=\"yoast-schema-graph\">{\"@context\":\"https:\/\/schema.org\",\"@graph\":[{\"@type\":\"WebPage\",\"@id\":\"https:\/\/luxurydev.spletnaprodukcija.si\/darilna-vrecka\/li-quandisa-darilna-vrecka\/\",\"url\":\"https:\/\/luxurydev.spletnaprodukcija.si\/darilna-vrecka\/li-quandisa-darilna-vrecka\/\",\"name\":\"li Quandisa poklon vre\u0107ica - Luxury Intimate\",\"isPartOf\":{\"@id\":\"https:\/\/luxurydev.spletnaprodukcija.si\/#website\"},\"primaryImageOfPage\":{\"@id\":\"https:\/\/luxurydev.spletnaprodukcija.si\/darilna-vrecka\/li-quandisa-darilna-vrecka\/#primaryimage\"},\"image\":{\"@id\":\"https:\/\/luxurydev.spletnaprodukcija.si\/darilna-vrecka\/li-quandisa-darilna-vrecka\/#primaryimage\"},\"thumbnailUrl\":\"https:\/\/luxurydev.spletnaprodukcija.si\/wp-content\/uploads\/2022\/06\/DSC9818-copy-1-copy-1-scaled-1.jpg\",\"datePublished\":\"2022-11-01T10:37:08+00:00\",\"dateModified\":\"2022-11-11T10:22:44+00:00\",\"breadcrumb\":{\"@id\":\"https:\/\/luxurydev.spletnaprodukcija.si\/darilna-vrecka\/li-quandisa-darilna-vrecka\/#breadcrumb\"},\"inLanguage\":\"hr\",\"potentialAction\":[{\"@type\":\"ReadAction\",\"target\":[\"https:\/\/luxurydev.spletnaprodukcija.si\/darilna-vrecka\/li-quandisa-darilna-vrecka\/\"]}]},{\"@type\":\"ImageObject\",\"inLanguage\":\"hr\",\"@id\":\"https:\/\/luxurydev.spletnaprodukcija.si\/darilna-vrecka\/li-quandisa-darilna-vrecka\/#primaryimage\",\"url\":\"https:\/\/luxurydev.spletnaprodukcija.si\/wp-content\/uploads\/2022\/06\/DSC9818-copy-1-copy-1-scaled-1.jpg\",\"contentUrl\":\"https:\/\/luxurydev.spletnaprodukcija.si\/wp-content\/uploads\/2022\/06\/DSC9818-copy-1-copy-1-scaled-1.jpg\",\"width\":2560,\"height\":2560,\"caption\":\"Li Quandisa darilna vre\u010dka 2\"},{\"@type\":\"BreadcrumbList\",\"@id\":\"https:\/\/luxurydev.spletnaprodukcija.si\/darilna-vrecka\/li-quandisa-darilna-vrecka\/#breadcrumb\",\"itemListElement\":[{\"@type\":\"ListItem\",\"position\":1,\"name\":\"Home\",\"item\":\"https:\/\/luxurydev.spletnaprodukcija.si\/hr\/\"},{\"@type\":\"ListItem\",\"position\":2,\"name\":\"Shop\",\"item\":\"https:\/\/luxurydev.spletnaprodukcija.si\/hr\/shop\/\"},{\"@type\":\"ListItem\",\"position\":3,\"name\":\"li Quandisa poklon vre\u0107ica\"}]},{\"@type\":\"WebSite\",\"@id\":\"https:\/\/luxurydev.spletnaprodukcija.si\/#website\",\"url\":\"https:\/\/luxurydev.spletnaprodukcija.si\/\",\"name\":\"Luxury Intimate\",\"description\":\"Li Quandisa\",\"potentialAction\":[{\"@type\":\"SearchAction\",\"target\":{\"@type\":\"EntryPoint\",\"urlTemplate\":\"https:\/\/luxurydev.spletnaprodukcija.si\/?s={search_term_string}\"},\"query-input\":{\"@type\":\"PropertyValueSpecification\",\"valueRequired\":true,\"valueName\":\"search_term_string\"}}],\"inLanguage\":\"hr\"}]}<\/script>\n<!-- \/ Yoast SEO plugin. -->","yoast_head_json":{"title":"li Quandisa poklon vre\u0107ica - Luxury Intimate","robots":{"index":"noindex","follow":"follow","max-snippet":"max-snippet:-1","max-image-preview":"max-image-preview:large","max-video-preview":"max-video-preview:-1"},"og_locale":"hr_HR","og_type":"article","og_title":"li Quandisa poklon vre\u0107ica - Luxury Intimate","og_description":"Atraktivna vre\u0107ica, prikladna kao poklon, sebi ili drugima.","og_url":"https:\/\/luxurydev.spletnaprodukcija.si\/darilna-vrecka\/li-quandisa-darilna-vrecka\/","og_site_name":"Luxury Intimate","article_modified_time":"2022-11-11T10:22:44+00:00","og_image":[{"width":2560,"height":2560,"url":"https:\/\/luxurydev.spletnaprodukcija.si\/wp-content\/uploads\/2022\/06\/DSC9818-copy-1-copy-1-scaled-1.jpg","type":"image\/jpeg"}],"twitter_card":"summary_large_image","schema":{"@context":"https:\/\/schema.org","@graph":[{"@type":"WebPage","@id":"https:\/\/luxurydev.spletnaprodukcija.si\/darilna-vrecka\/li-quandisa-darilna-vrecka\/","url":"https:\/\/luxurydev.spletnaprodukcija.si\/darilna-vrecka\/li-quandisa-darilna-vrecka\/","name":"li Quandisa poklon vre\u0107ica - Luxury Intimate","isPartOf":{"@id":"https:\/\/luxurydev.spletnaprodukcija.si\/#website"},"primaryImageOfPage":{"@id":"https:\/\/luxurydev.spletnaprodukcija.si\/darilna-vrecka\/li-quandisa-darilna-vrecka\/#primaryimage"},"image":{"@id":"https:\/\/luxurydev.spletnaprodukcija.si\/darilna-vrecka\/li-quandisa-darilna-vrecka\/#primaryimage"},"thumbnailUrl":"https:\/\/luxurydev.spletnaprodukcija.si\/wp-content\/uploads\/2022\/06\/DSC9818-copy-1-copy-1-scaled-1.jpg","datePublished":"2022-11-01T10:37:08+00:00","dateModified":"2022-11-11T10:22:44+00:00","breadcrumb":{"@id":"https:\/\/luxurydev.spletnaprodukcija.si\/darilna-vrecka\/li-quandisa-darilna-vrecka\/#breadcrumb"},"inLanguage":"hr","potentialAction":[{"@type":"ReadAction","target":["https:\/\/luxurydev.spletnaprodukcija.si\/darilna-vrecka\/li-quandisa-darilna-vrecka\/"]}]},{"@type":"ImageObject","inLanguage":"hr","@id":"https:\/\/luxurydev.spletnaprodukcija.si\/darilna-vrecka\/li-quandisa-darilna-vrecka\/#primaryimage","url":"https:\/\/luxurydev.spletnaprodukcija.si\/wp-content\/uploads\/2022\/06\/DSC9818-copy-1-copy-1-scaled-1.jpg","contentUrl":"https:\/\/luxurydev.spletnaprodukcija.si\/wp-content\/uploads\/2022\/06\/DSC9818-copy-1-copy-1-scaled-1.jpg","width":2560,"height":2560,"caption":"Li Quandisa darilna vre\u010dka 2"},{"@type":"BreadcrumbList","@id":"https:\/\/luxurydev.spletnaprodukcija.si\/darilna-vrecka\/li-quandisa-darilna-vrecka\/#breadcrumb","itemListElement":[{"@type":"ListItem","position":1,"name":"Home","item":"https:\/\/luxurydev.spletnaprodukcija.si\/hr\/"},{"@type":"ListItem","position":2,"name":"Shop","item":"https:\/\/luxurydev.spletnaprodukcija.si\/hr\/shop\/"},{"@type":"ListItem","position":3,"name":"li Quandisa poklon vre\u0107ica"}]},{"@type":"WebSite","@id":"https:\/\/luxurydev.spletnaprodukcija.si\/#website","url":"https:\/\/luxurydev.spletnaprodukcija.si\/","name":"Luxury Intimate","description":"Li Quandisa","potentialAction":[{"@type":"SearchAction","target":{"@type":"EntryPoint","urlTemplate":"https:\/\/luxurydev.spletnaprodukcija.si\/?s={search_term_string}"},"query-input":{"@type":"PropertyValueSpecification","valueRequired":true,"valueName":"search_term_string"}}],"inLanguage":"hr"}]}},"_links":{"self":[{"href":"https:\/\/luxurydev.spletnaprodukcija.si\/hr\/wp-json\/wp\/v2\/product\/13886","targetHints":{"allow":["GET"]}}],"collection":[{"href":"https:\/\/luxurydev.spletnaprodukcija.si\/hr\/wp-json\/wp\/v2\/product"}],"about":[{"href":"https:\/\/luxurydev.spletnaprodukcija.si\/hr\/wp-json\/wp\/v2\/types\/product"}],"wp:featuredmedia":[{"embeddable":true,"href":"https:\/\/luxurydev.spletnaprodukcija.si\/hr\/wp-json\/wp\/v2\/media\/13702"}],"wp:attachment":[{"href":"https:\/\/luxurydev.spletnaprodukcija.si\/hr\/wp-json\/wp\/v2\/media?parent=13886"}],"wp:term":[{"taxonomy":"product_brand","embeddable":true,"href":"https:\/\/luxurydev.spletnaprodukcija.si\/hr\/wp-json\/wp\/v2\/product_brand?post=13886"},{"taxonomy":"product_cat","embeddable":true,"href":"https:\/\/luxurydev.spletnaprodukcija.si\/hr\/wp-json\/wp\/v2\/product_cat?post=13886"},{"taxonomy":"product_tag","embeddable":true,"href":"https:\/\/luxurydev.spletnaprodukcija.si\/hr\/wp-json\/wp\/v2\/product_tag?post=13886"}],"curies":[{"name":"wp","href":"https:\/\/api.w.org\/{rel}","templated":true}]}}