{"id":13885,"date":"2022-07-01T11:00:09","date_gmt":"2022-07-01T09:00:09","guid":{"rendered":"https:\/\/luxurydev.spletnaprodukcija.si\/nekategorizirano\/bozanska-jantar-in-mosus-parfumska-kocka-2\/"},"modified":"2022-11-29T00:03:22","modified_gmt":"2022-11-28T22:03:22","slug":"bozanstvena-parfemska-kocka-od-jantara-i-mosusa","status":"publish","type":"product","link":"https:\/\/luxurydev.spletnaprodukcija.si\/hr\/parfemska-kocka\/bozanstvena-parfemska-kocka-od-jantara-i-mosusa\/","title":{"rendered":"BO\u017dANSTVENA PARFEMSKA KOCKA OD JANTARA I MO\u0160USA"},"content":{"rendered":"<p>Maro\u0161ki smolni bloki iz jantarja so narejeni po starodavnem tradicionalnem receptu in so sestavljeni iz rastlinskih izvle\u010dkov. Avtohtona surova naravna di\u0161ava.<br \/>\nTa naravna jantarna smola di\u0161i bo\u017eansko in se lahko uporablja kot parfum ali di\u0161ava za prostor. Lahko ga podrgnemo po ko\u017ei kot parfum, hranimo v garderobi ali potresemo v predale kot naravno di\u0161avo. Ta pomirjujo\u010da di\u0161ava dokazano pomaga pri tesnobi in se uporablja tudi v aromaterapiji za sprostitev.<br \/>\nJantar povezujejo tudi s \u010dustvenim uravnote\u017eenjem, prizemlje Vanjem, \u010di\u0161\u010denjem, sre\u010do in ljubeznijo. Dodan mo\u0161us velja tudi za mo\u010dan naravni afrodiziak, ki deluje na oba. Ta prefinjena di\u0161ava je sinonim za zapeljevanje in provokacijo \u010dutov, saj prebudi hormonski sistem.<\/p>\n<p>Jantar lahko uporabite na razli\u010dne na\u010dine kot :<br \/>\nparfum za va\u0161o ko\u017eo,<br \/>\ndezodorant,<br \/>\ndi\u0161avo za va\u0161 dom,<br \/>\ndi\u0161avo za va\u0161e perilo,<br \/>\ndi\u0161avo v gorilniku za aromaterapijo,<br \/>\ndi\u0161avo za v avto (stran od sonca).<\/p>\n","protected":false},"excerpt":{"rendered":"<p>Marokanski blokovi smole od jantara izra\u0111eni su prema drevnoj tradicionalnoj recepturi i sastoje se od biljnih ekstrakata. Autohtoni sirovi prirodni miris. Ova prirodna jantarna smola miri\u0161e bo\u017eanstveno i mo\u017ee se koristiti kao parfem ili miris za prostoriju. Mo\u017ee se utrljati na ko\u017eu kao parfem, dr\u017eati u ormaru ili posipati po ladicama kao prirodni miris. Dokazano je da ovaj umiruju\u0107i miris poma\u017ee kod tjeskobe, a tako\u0111er se koristi u aromaterapiji za opu\u0161tanje. Jantar se tako\u0111er povezuje s emocionalnim balansiranjem, prizemljenjem, pro\u010di\u0161\u0107avanjem, sre\u0107om i ljubavlju. Dodani mo\u0161us tako\u0111er se smatra sna\u017enim prirodnim afrodizijakom koji djeluje na mu\u0161karca i \u017eenu. Ovaj profinjeni miris sinonim je zavo\u0111enja i provokacije osjetila jer budi hormonalni sustav. Jantar mo\u017eete koristiti na razli\u010dite na\u010dine, na primjer kao parfem, dezodorans, miris za dom, miris za rublje, miris za plamenik za aromaterapiju, miris za auto (ne izlagati izravnom suncu).<\/p>\n","protected":false},"featured_media":15822,"template":"","meta":{"_acf_changed":false,"inline_featured_image":false},"product_brand":[],"product_cat":[60],"product_tag":[],"class_list":{"0":"post-13885","1":"product","2":"type-product","3":"status-publish","4":"has-post-thumbnail","6":"product_cat-parfemska-kocka","8":"first","9":"instock","10":"featured","11":"taxable","12":"shipping-taxable","13":"purchasable","14":"product-type-simple"},"acf":[],"yoast_head":"<!-- This site is optimized with the Yoast SEO plugin v25.9 - https:\/\/yoast.com\/wordpress\/plugins\/seo\/ -->\n<title>BO\u017dANSTVENA PARFEMSKA KOCKA OD JANTARA I MO\u0160USA - Luxury Intimate<\/title>\n<meta name=\"robots\" content=\"noindex, follow, max-snippet:-1, max-image-preview:large, max-video-preview:-1\" \/>\n<meta property=\"og:locale\" content=\"hr_HR\" \/>\n<meta property=\"og:type\" content=\"article\" \/>\n<meta property=\"og:title\" content=\"BO\u017dANSTVENA PARFEMSKA KOCKA OD JANTARA I MO\u0160USA - Luxury Intimate\" \/>\n<meta property=\"og:description\" content=\"Marokanski blokovi smole od jantara izra\u0111eni su prema drevnoj tradicionalnoj recepturi i sastoje se od biljnih ekstrakata. Autohtoni sirovi prirodni miris. Ova prirodna jantarna smola miri\u0161e bo\u017eanstveno i mo\u017ee se koristiti kao parfem ili miris za prostoriju. Mo\u017ee se utrljati na ko\u017eu kao parfem, dr\u017eati u ormaru ili posipati po ladicama kao prirodni miris. Dokazano je da ovaj umiruju\u0107i miris poma\u017ee kod tjeskobe, a tako\u0111er se koristi u aromaterapiji za opu\u0161tanje. Jantar se tako\u0111er povezuje s emocionalnim balansiranjem, prizemljenjem, pro\u010di\u0161\u0107avanjem, sre\u0107om i ljubavlju. Dodani mo\u0161us tako\u0111er se smatra sna\u017enim prirodnim afrodizijakom koji djeluje na mu\u0161karca i \u017eenu. Ovaj profinjeni miris sinonim je zavo\u0111enja i provokacije osjetila jer budi hormonalni sustav. Jantar mo\u017eete koristiti na razli\u010dite na\u010dine, na primjer kao parfem, dezodorans, miris za dom, miris za rublje, miris za plamenik za aromaterapiju, miris za auto (ne izlagati izravnom suncu).\" \/>\n<meta property=\"og:url\" content=\"https:\/\/luxurydev.spletnaprodukcija.si\/parfumska-kocka\/bozanska-jantar-in-mosus-parfumska-kocka\/\" \/>\n<meta property=\"og:site_name\" content=\"Luxury Intimate\" \/>\n<meta property=\"article:modified_time\" content=\"2022-11-28T22:03:22+00:00\" \/>\n<meta property=\"og:image\" content=\"https:\/\/luxurydev.spletnaprodukcija.si\/wp-content\/uploads\/2022\/07\/IMG_5880.jpg\" \/>\n\t<meta property=\"og:image:width\" content=\"1247\" \/>\n\t<meta property=\"og:image:height\" content=\"1280\" \/>\n\t<meta property=\"og:image:type\" content=\"image\/jpeg\" \/>\n<meta name=\"twitter:card\" content=\"summary_large_image\" \/>\n<meta name=\"twitter:label1\" content=\"Procijenjeno vrijeme \u010ditanja\" \/>\n\t<meta name=\"twitter:data1\" content=\"1 minuta\" \/>\n<script type=\"application\/ld+json\" class=\"yoast-schema-graph\">{\"@context\":\"https:\/\/schema.org\",\"@graph\":[{\"@type\":\"WebPage\",\"@id\":\"https:\/\/luxurydev.spletnaprodukcija.si\/parfumska-kocka\/bozanska-jantar-in-mosus-parfumska-kocka\/\",\"url\":\"https:\/\/luxurydev.spletnaprodukcija.si\/parfumska-kocka\/bozanska-jantar-in-mosus-parfumska-kocka\/\",\"name\":\"BO\u017dANSTVENA PARFEMSKA KOCKA OD JANTARA I MO\u0160USA - Luxury Intimate\",\"isPartOf\":{\"@id\":\"https:\/\/luxurydev.spletnaprodukcija.si\/#website\"},\"primaryImageOfPage\":{\"@id\":\"https:\/\/luxurydev.spletnaprodukcija.si\/parfumska-kocka\/bozanska-jantar-in-mosus-parfumska-kocka\/#primaryimage\"},\"image\":{\"@id\":\"https:\/\/luxurydev.spletnaprodukcija.si\/parfumska-kocka\/bozanska-jantar-in-mosus-parfumska-kocka\/#primaryimage\"},\"thumbnailUrl\":\"https:\/\/luxurydev.spletnaprodukcija.si\/wp-content\/uploads\/2022\/07\/IMG_5880.jpg\",\"datePublished\":\"2022-07-01T09:00:09+00:00\",\"dateModified\":\"2022-11-28T22:03:22+00:00\",\"breadcrumb\":{\"@id\":\"https:\/\/luxurydev.spletnaprodukcija.si\/parfumska-kocka\/bozanska-jantar-in-mosus-parfumska-kocka\/#breadcrumb\"},\"inLanguage\":\"hr\",\"potentialAction\":[{\"@type\":\"ReadAction\",\"target\":[\"https:\/\/luxurydev.spletnaprodukcija.si\/parfumska-kocka\/bozanska-jantar-in-mosus-parfumska-kocka\/\"]}]},{\"@type\":\"ImageObject\",\"inLanguage\":\"hr\",\"@id\":\"https:\/\/luxurydev.spletnaprodukcija.si\/parfumska-kocka\/bozanska-jantar-in-mosus-parfumska-kocka\/#primaryimage\",\"url\":\"https:\/\/luxurydev.spletnaprodukcija.si\/wp-content\/uploads\/2022\/07\/IMG_5880.jpg\",\"contentUrl\":\"https:\/\/luxurydev.spletnaprodukcija.si\/wp-content\/uploads\/2022\/07\/IMG_5880.jpg\",\"width\":1247,\"height\":1280},{\"@type\":\"BreadcrumbList\",\"@id\":\"https:\/\/luxurydev.spletnaprodukcija.si\/parfumska-kocka\/bozanska-jantar-in-mosus-parfumska-kocka\/#breadcrumb\",\"itemListElement\":[{\"@type\":\"ListItem\",\"position\":1,\"name\":\"Home\",\"item\":\"https:\/\/luxurydev.spletnaprodukcija.si\/hr\/\"},{\"@type\":\"ListItem\",\"position\":2,\"name\":\"Shop\",\"item\":\"https:\/\/luxurydev.spletnaprodukcija.si\/hr\/shop\/\"},{\"@type\":\"ListItem\",\"position\":3,\"name\":\"BO\u017dANSTVENA PARFEMSKA KOCKA OD JANTARA I MO\u0160USA\"}]},{\"@type\":\"WebSite\",\"@id\":\"https:\/\/luxurydev.spletnaprodukcija.si\/#website\",\"url\":\"https:\/\/luxurydev.spletnaprodukcija.si\/\",\"name\":\"Luxury Intimate\",\"description\":\"Li Quandisa\",\"potentialAction\":[{\"@type\":\"SearchAction\",\"target\":{\"@type\":\"EntryPoint\",\"urlTemplate\":\"https:\/\/luxurydev.spletnaprodukcija.si\/?s={search_term_string}\"},\"query-input\":{\"@type\":\"PropertyValueSpecification\",\"valueRequired\":true,\"valueName\":\"search_term_string\"}}],\"inLanguage\":\"hr\"}]}<\/script>\n<!-- \/ Yoast SEO plugin. -->","yoast_head_json":{"title":"BO\u017dANSTVENA PARFEMSKA KOCKA OD JANTARA I MO\u0160USA - Luxury Intimate","robots":{"index":"noindex","follow":"follow","max-snippet":"max-snippet:-1","max-image-preview":"max-image-preview:large","max-video-preview":"max-video-preview:-1"},"og_locale":"hr_HR","og_type":"article","og_title":"BO\u017dANSTVENA PARFEMSKA KOCKA OD JANTARA I MO\u0160USA - Luxury Intimate","og_description":"Marokanski blokovi smole od jantara izra\u0111eni su prema drevnoj tradicionalnoj recepturi i sastoje se od biljnih ekstrakata. Autohtoni sirovi prirodni miris. Ova prirodna jantarna smola miri\u0161e bo\u017eanstveno i mo\u017ee se koristiti kao parfem ili miris za prostoriju. Mo\u017ee se utrljati na ko\u017eu kao parfem, dr\u017eati u ormaru ili posipati po ladicama kao prirodni miris. Dokazano je da ovaj umiruju\u0107i miris poma\u017ee kod tjeskobe, a tako\u0111er se koristi u aromaterapiji za opu\u0161tanje. Jantar se tako\u0111er povezuje s emocionalnim balansiranjem, prizemljenjem, pro\u010di\u0161\u0107avanjem, sre\u0107om i ljubavlju. Dodani mo\u0161us tako\u0111er se smatra sna\u017enim prirodnim afrodizijakom koji djeluje na mu\u0161karca i \u017eenu. Ovaj profinjeni miris sinonim je zavo\u0111enja i provokacije osjetila jer budi hormonalni sustav. Jantar mo\u017eete koristiti na razli\u010dite na\u010dine, na primjer kao parfem, dezodorans, miris za dom, miris za rublje, miris za plamenik za aromaterapiju, miris za auto (ne izlagati izravnom suncu).","og_url":"https:\/\/luxurydev.spletnaprodukcija.si\/parfumska-kocka\/bozanska-jantar-in-mosus-parfumska-kocka\/","og_site_name":"Luxury Intimate","article_modified_time":"2022-11-28T22:03:22+00:00","og_image":[{"width":1247,"height":1280,"url":"https:\/\/luxurydev.spletnaprodukcija.si\/wp-content\/uploads\/2022\/07\/IMG_5880.jpg","type":"image\/jpeg"}],"twitter_card":"summary_large_image","twitter_misc":{"Procijenjeno vrijeme \u010ditanja":"1 minuta"},"schema":{"@context":"https:\/\/schema.org","@graph":[{"@type":"WebPage","@id":"https:\/\/luxurydev.spletnaprodukcija.si\/parfumska-kocka\/bozanska-jantar-in-mosus-parfumska-kocka\/","url":"https:\/\/luxurydev.spletnaprodukcija.si\/parfumska-kocka\/bozanska-jantar-in-mosus-parfumska-kocka\/","name":"BO\u017dANSTVENA PARFEMSKA KOCKA OD JANTARA I MO\u0160USA - Luxury Intimate","isPartOf":{"@id":"https:\/\/luxurydev.spletnaprodukcija.si\/#website"},"primaryImageOfPage":{"@id":"https:\/\/luxurydev.spletnaprodukcija.si\/parfumska-kocka\/bozanska-jantar-in-mosus-parfumska-kocka\/#primaryimage"},"image":{"@id":"https:\/\/luxurydev.spletnaprodukcija.si\/parfumska-kocka\/bozanska-jantar-in-mosus-parfumska-kocka\/#primaryimage"},"thumbnailUrl":"https:\/\/luxurydev.spletnaprodukcija.si\/wp-content\/uploads\/2022\/07\/IMG_5880.jpg","datePublished":"2022-07-01T09:00:09+00:00","dateModified":"2022-11-28T22:03:22+00:00","breadcrumb":{"@id":"https:\/\/luxurydev.spletnaprodukcija.si\/parfumska-kocka\/bozanska-jantar-in-mosus-parfumska-kocka\/#breadcrumb"},"inLanguage":"hr","potentialAction":[{"@type":"ReadAction","target":["https:\/\/luxurydev.spletnaprodukcija.si\/parfumska-kocka\/bozanska-jantar-in-mosus-parfumska-kocka\/"]}]},{"@type":"ImageObject","inLanguage":"hr","@id":"https:\/\/luxurydev.spletnaprodukcija.si\/parfumska-kocka\/bozanska-jantar-in-mosus-parfumska-kocka\/#primaryimage","url":"https:\/\/luxurydev.spletnaprodukcija.si\/wp-content\/uploads\/2022\/07\/IMG_5880.jpg","contentUrl":"https:\/\/luxurydev.spletnaprodukcija.si\/wp-content\/uploads\/2022\/07\/IMG_5880.jpg","width":1247,"height":1280},{"@type":"BreadcrumbList","@id":"https:\/\/luxurydev.spletnaprodukcija.si\/parfumska-kocka\/bozanska-jantar-in-mosus-parfumska-kocka\/#breadcrumb","itemListElement":[{"@type":"ListItem","position":1,"name":"Home","item":"https:\/\/luxurydev.spletnaprodukcija.si\/hr\/"},{"@type":"ListItem","position":2,"name":"Shop","item":"https:\/\/luxurydev.spletnaprodukcija.si\/hr\/shop\/"},{"@type":"ListItem","position":3,"name":"BO\u017dANSTVENA PARFEMSKA KOCKA OD JANTARA I MO\u0160USA"}]},{"@type":"WebSite","@id":"https:\/\/luxurydev.spletnaprodukcija.si\/#website","url":"https:\/\/luxurydev.spletnaprodukcija.si\/","name":"Luxury Intimate","description":"Li Quandisa","potentialAction":[{"@type":"SearchAction","target":{"@type":"EntryPoint","urlTemplate":"https:\/\/luxurydev.spletnaprodukcija.si\/?s={search_term_string}"},"query-input":{"@type":"PropertyValueSpecification","valueRequired":true,"valueName":"search_term_string"}}],"inLanguage":"hr"}]}},"_links":{"self":[{"href":"https:\/\/luxurydev.spletnaprodukcija.si\/hr\/wp-json\/wp\/v2\/product\/13885","targetHints":{"allow":["GET"]}}],"collection":[{"href":"https:\/\/luxurydev.spletnaprodukcija.si\/hr\/wp-json\/wp\/v2\/product"}],"about":[{"href":"https:\/\/luxurydev.spletnaprodukcija.si\/hr\/wp-json\/wp\/v2\/types\/product"}],"wp:featuredmedia":[{"embeddable":true,"href":"https:\/\/luxurydev.spletnaprodukcija.si\/hr\/wp-json\/wp\/v2\/media\/15822"}],"wp:attachment":[{"href":"https:\/\/luxurydev.spletnaprodukcija.si\/hr\/wp-json\/wp\/v2\/media?parent=13885"}],"wp:term":[{"taxonomy":"product_brand","embeddable":true,"href":"https:\/\/luxurydev.spletnaprodukcija.si\/hr\/wp-json\/wp\/v2\/product_brand?post=13885"},{"taxonomy":"product_cat","embeddable":true,"href":"https:\/\/luxurydev.spletnaprodukcija.si\/hr\/wp-json\/wp\/v2\/product_cat?post=13885"},{"taxonomy":"product_tag","embeddable":true,"href":"https:\/\/luxurydev.spletnaprodukcija.si\/hr\/wp-json\/wp\/v2\/product_tag?post=13885"}],"curies":[{"name":"wp","href":"https:\/\/api.w.org\/{rel}","templated":true}]}}