{"id":25015,"date":"2022-06-09T09:57:07","date_gmt":"2022-06-09T07:57:07","guid":{"rendered":"https:\/\/luxurydev.spletnaprodukcija.si\/uncategorized\/difuzor-set-chartres\/"},"modified":"2024-11-23T13:16:53","modified_gmt":"2024-11-23T11:16:53","slug":"difuzor-set-chartres","status":"publish","type":"product","link":"https:\/\/luxurydev.spletnaprodukcija.si\/en\/intimnost-doma-en\/difuzor-set-chartres\/","title":{"rendered":"DIFUZOR SET CHARTRES"},"content":{"rendered":"","protected":false},"excerpt":{"rendered":"<p>Odpotujte v Francijo in se sprehodite po mogo\u010dni gotski katedrali. Ob\u010dutite njeno veli\u010dastnost in skrivnostnost, ujeto pod skeletnimi oboki, ki se vzpenjajo proti nebu. Tam zgoraj svetloba razposajeno pronica skozi barvna okna, se zliva v njeno notranjost in ne\u017eno le\u017ee na kamnita tla. Barvna okna \u2013 rozete \u2013 so dobile ime po svoji obliki \u2013 cvetu vrtnice in prav v vrtnici smo na\u0161li navdih za na\u0161o sve\u010do. Sve\u017ee cvetli\u010dne note vrtnice, jasmina in tuberoze, ki se zlivajo v kombinacijo sladkih, toplih lesnih arom bodo v va\u0161 dom prinesle sve\u017eino in prijetno vzdu\u0161je.    <\/p>\n<ul>\n<li>Zgornje note: Ylang-Ylang, Zelene note<\/li>\n<li>Srednje note: Vrtnica, Jasmin, Tuberoza<\/li>\n<li>Spodnje note: Vanilija, Kokos<\/li>\n<\/ul>\n<p>&nbsp;<\/p>\n<ul>\n<li>Volumen: 150ml<\/li>\n<li>Premer: 6,5 cm<\/li>\n<li>Vi\u0161ina: 10 cm<\/li>\n<li>\u010cas uporabe: do 5 mesecev<\/li>\n<li>Prilo\u017eeno: 8 pal\u010dk iz naravnega ratana<\/li>\n<li>Pakirano v elegantno embala\u017eo<\/li>\n<\/ul>\n","protected":false},"featured_media":21829,"template":"","meta":{"_acf_changed":false,"inline_featured_image":false},"product_brand":[],"product_cat":[71],"product_tag":[],"class_list":{"0":"post-25015","1":"product","2":"type-product","3":"status-publish","4":"has-post-thumbnail","6":"product_cat-intimnost-doma-en","8":"first","9":"instock","10":"taxable","11":"shipping-taxable","12":"purchasable","13":"product-type-simple"},"acf":[],"yoast_head":"<!-- This site is optimized with the Yoast SEO plugin v25.9 - https:\/\/yoast.com\/wordpress\/plugins\/seo\/ -->\n<title>DIFUZOR SET CHARTRES - Luxury Intimate<\/title>\n<meta name=\"robots\" content=\"noindex, follow, max-snippet:-1, max-image-preview:large, max-video-preview:-1\" \/>\n<meta property=\"og:locale\" content=\"en_US\" \/>\n<meta property=\"og:type\" content=\"article\" \/>\n<meta property=\"og:title\" content=\"DIFUZOR SET CHARTRES - Luxury Intimate\" \/>\n<meta property=\"og:description\" content=\"Odpotujte v Francijo in se sprehodite po mogo\u010dni gotski katedrali. Ob\u010dutite njeno veli\u010dastnost in skrivnostnost, ujeto pod skeletnimi oboki, ki se vzpenjajo proti nebu. Tam zgoraj svetloba razposajeno pronica skozi barvna okna, se zliva v njeno notranjost in ne\u017eno le\u017ee na kamnita tla. Barvna okna \u2013 rozete \u2013 so dobile ime po svoji obliki \u2013 cvetu vrtnice in prav v vrtnici smo na\u0161li navdih za na\u0161o sve\u010do. Sve\u017ee cvetli\u010dne note vrtnice, jasmina in tuberoze, ki se zlivajo v kombinacijo sladkih, toplih lesnih arom bodo v va\u0161 dom prinesle sve\u017eino in prijetno vzdu\u0161je.    Zgornje note: Ylang-Ylang, Zelene note  Srednje note: Vrtnica, Jasmin, Tuberoza  Spodnje note: Vanilija, Kokos &nbsp;  Volumen: 150ml  Premer: 6,5 cm  Vi\u0161ina: 10 cm  \u010cas uporabe: do 5 mesecev  Prilo\u017eeno: 8 pal\u010dk iz naravnega ratana  Pakirano v elegantno embala\u017eo\" \/>\n<meta property=\"og:url\" content=\"https:\/\/luxurydev.spletnaprodukcija.si\/intimnost-doma\/difuzor-set-chartres\/\" \/>\n<meta property=\"og:site_name\" content=\"Luxury Intimate\" \/>\n<meta property=\"article:modified_time\" content=\"2024-11-23T11:16:53+00:00\" \/>\n<meta property=\"og:image\" content=\"https:\/\/luxurydev.spletnaprodukcija.si\/wp-content\/uploads\/2024\/04\/Mock-up-Pantheon-sveca-skatla-e1633006919324-1.png\" \/>\n\t<meta property=\"og:image:width\" content=\"1200\" \/>\n\t<meta property=\"og:image:height\" content=\"848\" \/>\n\t<meta property=\"og:image:type\" content=\"image\/png\" \/>\n<meta name=\"twitter:card\" content=\"summary_large_image\" \/>\n<script type=\"application\/ld+json\" class=\"yoast-schema-graph\">{\"@context\":\"https:\/\/schema.org\",\"@graph\":[{\"@type\":\"WebPage\",\"@id\":\"https:\/\/luxurydev.spletnaprodukcija.si\/intimnost-doma\/difuzor-set-chartres\/\",\"url\":\"https:\/\/luxurydev.spletnaprodukcija.si\/intimnost-doma\/difuzor-set-chartres\/\",\"name\":\"DIFUZOR SET CHARTRES - Luxury Intimate\",\"isPartOf\":{\"@id\":\"https:\/\/luxurydev.spletnaprodukcija.si\/#website\"},\"primaryImageOfPage\":{\"@id\":\"https:\/\/luxurydev.spletnaprodukcija.si\/intimnost-doma\/difuzor-set-chartres\/#primaryimage\"},\"image\":{\"@id\":\"https:\/\/luxurydev.spletnaprodukcija.si\/intimnost-doma\/difuzor-set-chartres\/#primaryimage\"},\"thumbnailUrl\":\"https:\/\/luxurydev.spletnaprodukcija.si\/wp-content\/uploads\/2024\/04\/Mock-up-Pantheon-sveca-skatla-e1633006919324-1.png\",\"datePublished\":\"2022-06-09T07:57:07+00:00\",\"dateModified\":\"2024-11-23T11:16:53+00:00\",\"breadcrumb\":{\"@id\":\"https:\/\/luxurydev.spletnaprodukcija.si\/intimnost-doma\/difuzor-set-chartres\/#breadcrumb\"},\"inLanguage\":\"en-US\",\"potentialAction\":[{\"@type\":\"ReadAction\",\"target\":[\"https:\/\/luxurydev.spletnaprodukcija.si\/intimnost-doma\/difuzor-set-chartres\/\"]}]},{\"@type\":\"ImageObject\",\"inLanguage\":\"en-US\",\"@id\":\"https:\/\/luxurydev.spletnaprodukcija.si\/intimnost-doma\/difuzor-set-chartres\/#primaryimage\",\"url\":\"https:\/\/luxurydev.spletnaprodukcija.si\/wp-content\/uploads\/2024\/04\/Mock-up-Pantheon-sveca-skatla-e1633006919324-1.png\",\"contentUrl\":\"https:\/\/luxurydev.spletnaprodukcija.si\/wp-content\/uploads\/2024\/04\/Mock-up-Pantheon-sveca-skatla-e1633006919324-1.png\",\"width\":1200,\"height\":848},{\"@type\":\"BreadcrumbList\",\"@id\":\"https:\/\/luxurydev.spletnaprodukcija.si\/intimnost-doma\/difuzor-set-chartres\/#breadcrumb\",\"itemListElement\":[{\"@type\":\"ListItem\",\"position\":1,\"name\":\"Home\",\"item\":\"https:\/\/luxurydev.spletnaprodukcija.si\/en\/\"},{\"@type\":\"ListItem\",\"position\":2,\"name\":\"Shop\",\"item\":\"https:\/\/luxurydev.spletnaprodukcija.si\/en\/shop\/\"},{\"@type\":\"ListItem\",\"position\":3,\"name\":\"DIFUZOR SET CHARTRES\"}]},{\"@type\":\"WebSite\",\"@id\":\"https:\/\/luxurydev.spletnaprodukcija.si\/#website\",\"url\":\"https:\/\/luxurydev.spletnaprodukcija.si\/\",\"name\":\"Luxury Intimate\",\"description\":\"Li Quandisa\",\"potentialAction\":[{\"@type\":\"SearchAction\",\"target\":{\"@type\":\"EntryPoint\",\"urlTemplate\":\"https:\/\/luxurydev.spletnaprodukcija.si\/?s={search_term_string}\"},\"query-input\":{\"@type\":\"PropertyValueSpecification\",\"valueRequired\":true,\"valueName\":\"search_term_string\"}}],\"inLanguage\":\"en-US\"}]}<\/script>\n<!-- \/ Yoast SEO plugin. -->","yoast_head_json":{"title":"DIFUZOR SET CHARTRES - Luxury Intimate","robots":{"index":"noindex","follow":"follow","max-snippet":"max-snippet:-1","max-image-preview":"max-image-preview:large","max-video-preview":"max-video-preview:-1"},"og_locale":"en_US","og_type":"article","og_title":"DIFUZOR SET CHARTRES - Luxury Intimate","og_description":"Odpotujte v Francijo in se sprehodite po mogo\u010dni gotski katedrali. Ob\u010dutite njeno veli\u010dastnost in skrivnostnost, ujeto pod skeletnimi oboki, ki se vzpenjajo proti nebu. Tam zgoraj svetloba razposajeno pronica skozi barvna okna, se zliva v njeno notranjost in ne\u017eno le\u017ee na kamnita tla. Barvna okna \u2013 rozete \u2013 so dobile ime po svoji obliki \u2013 cvetu vrtnice in prav v vrtnici smo na\u0161li navdih za na\u0161o sve\u010do. Sve\u017ee cvetli\u010dne note vrtnice, jasmina in tuberoze, ki se zlivajo v kombinacijo sladkih, toplih lesnih arom bodo v va\u0161 dom prinesle sve\u017eino in prijetno vzdu\u0161je.    Zgornje note: Ylang-Ylang, Zelene note  Srednje note: Vrtnica, Jasmin, Tuberoza  Spodnje note: Vanilija, Kokos &nbsp;  Volumen: 150ml  Premer: 6,5 cm  Vi\u0161ina: 10 cm  \u010cas uporabe: do 5 mesecev  Prilo\u017eeno: 8 pal\u010dk iz naravnega ratana  Pakirano v elegantno embala\u017eo","og_url":"https:\/\/luxurydev.spletnaprodukcija.si\/intimnost-doma\/difuzor-set-chartres\/","og_site_name":"Luxury Intimate","article_modified_time":"2024-11-23T11:16:53+00:00","og_image":[{"width":1200,"height":848,"url":"https:\/\/luxurydev.spletnaprodukcija.si\/wp-content\/uploads\/2024\/04\/Mock-up-Pantheon-sveca-skatla-e1633006919324-1.png","type":"image\/png"}],"twitter_card":"summary_large_image","schema":{"@context":"https:\/\/schema.org","@graph":[{"@type":"WebPage","@id":"https:\/\/luxurydev.spletnaprodukcija.si\/intimnost-doma\/difuzor-set-chartres\/","url":"https:\/\/luxurydev.spletnaprodukcija.si\/intimnost-doma\/difuzor-set-chartres\/","name":"DIFUZOR SET CHARTRES - Luxury Intimate","isPartOf":{"@id":"https:\/\/luxurydev.spletnaprodukcija.si\/#website"},"primaryImageOfPage":{"@id":"https:\/\/luxurydev.spletnaprodukcija.si\/intimnost-doma\/difuzor-set-chartres\/#primaryimage"},"image":{"@id":"https:\/\/luxurydev.spletnaprodukcija.si\/intimnost-doma\/difuzor-set-chartres\/#primaryimage"},"thumbnailUrl":"https:\/\/luxurydev.spletnaprodukcija.si\/wp-content\/uploads\/2024\/04\/Mock-up-Pantheon-sveca-skatla-e1633006919324-1.png","datePublished":"2022-06-09T07:57:07+00:00","dateModified":"2024-11-23T11:16:53+00:00","breadcrumb":{"@id":"https:\/\/luxurydev.spletnaprodukcija.si\/intimnost-doma\/difuzor-set-chartres\/#breadcrumb"},"inLanguage":"en-US","potentialAction":[{"@type":"ReadAction","target":["https:\/\/luxurydev.spletnaprodukcija.si\/intimnost-doma\/difuzor-set-chartres\/"]}]},{"@type":"ImageObject","inLanguage":"en-US","@id":"https:\/\/luxurydev.spletnaprodukcija.si\/intimnost-doma\/difuzor-set-chartres\/#primaryimage","url":"https:\/\/luxurydev.spletnaprodukcija.si\/wp-content\/uploads\/2024\/04\/Mock-up-Pantheon-sveca-skatla-e1633006919324-1.png","contentUrl":"https:\/\/luxurydev.spletnaprodukcija.si\/wp-content\/uploads\/2024\/04\/Mock-up-Pantheon-sveca-skatla-e1633006919324-1.png","width":1200,"height":848},{"@type":"BreadcrumbList","@id":"https:\/\/luxurydev.spletnaprodukcija.si\/intimnost-doma\/difuzor-set-chartres\/#breadcrumb","itemListElement":[{"@type":"ListItem","position":1,"name":"Home","item":"https:\/\/luxurydev.spletnaprodukcija.si\/en\/"},{"@type":"ListItem","position":2,"name":"Shop","item":"https:\/\/luxurydev.spletnaprodukcija.si\/en\/shop\/"},{"@type":"ListItem","position":3,"name":"DIFUZOR SET CHARTRES"}]},{"@type":"WebSite","@id":"https:\/\/luxurydev.spletnaprodukcija.si\/#website","url":"https:\/\/luxurydev.spletnaprodukcija.si\/","name":"Luxury Intimate","description":"Li Quandisa","potentialAction":[{"@type":"SearchAction","target":{"@type":"EntryPoint","urlTemplate":"https:\/\/luxurydev.spletnaprodukcija.si\/?s={search_term_string}"},"query-input":{"@type":"PropertyValueSpecification","valueRequired":true,"valueName":"search_term_string"}}],"inLanguage":"en-US"}]}},"_links":{"self":[{"href":"https:\/\/luxurydev.spletnaprodukcija.si\/en\/wp-json\/wp\/v2\/product\/25015","targetHints":{"allow":["GET"]}}],"collection":[{"href":"https:\/\/luxurydev.spletnaprodukcija.si\/en\/wp-json\/wp\/v2\/product"}],"about":[{"href":"https:\/\/luxurydev.spletnaprodukcija.si\/en\/wp-json\/wp\/v2\/types\/product"}],"wp:featuredmedia":[{"embeddable":true,"href":"https:\/\/luxurydev.spletnaprodukcija.si\/en\/wp-json\/wp\/v2\/media\/21829"}],"wp:attachment":[{"href":"https:\/\/luxurydev.spletnaprodukcija.si\/en\/wp-json\/wp\/v2\/media?parent=25015"}],"wp:term":[{"taxonomy":"product_brand","embeddable":true,"href":"https:\/\/luxurydev.spletnaprodukcija.si\/en\/wp-json\/wp\/v2\/product_brand?post=25015"},{"taxonomy":"product_cat","embeddable":true,"href":"https:\/\/luxurydev.spletnaprodukcija.si\/en\/wp-json\/wp\/v2\/product_cat?post=25015"},{"taxonomy":"product_tag","embeddable":true,"href":"https:\/\/luxurydev.spletnaprodukcija.si\/en\/wp-json\/wp\/v2\/product_tag?post=25015"}],"curies":[{"name":"wp","href":"https:\/\/api.w.org\/{rel}","templated":true}]}}